{"id":941,"date":"2024-11-22T12:13:48","date_gmt":"2024-11-22T11:13:48","guid":{"rendered":"https:\/\/grupoale.com\/zoomlion\/?page_id=941"},"modified":"2024-11-22T15:46:40","modified_gmt":"2024-11-22T14:46:40","slug":"gruas-sobre-orugas-telescopicas","status":"publish","type":"page","link":"https:\/\/grupoale.com\/zoomlion\/gruas-moviles\/gruas-sobre-orugas-telescopicas\/","title":{"rendered":"Gr\u00faas sobre Orugas Telesc\u00f3picas"},"content":{"rendered":"\t\t<div data-elementor-type=\"wp-page\" data-elementor-id=\"941\" class=\"elementor elementor-941\" data-elementor-post-type=\"page\">\n\t\t\t\t<div class=\"elementor-element elementor-element-e469189 e-con-full e-flex e-con e-parent\" data-id=\"e469189\" data-element_type=\"container\" data-e-type=\"container\" data-settings=\"{&quot;background_background&quot;:&quot;classic&quot;}\">\n\t\t<div class=\"elementor-element elementor-element-3bdf363 e-con-full e-flex e-con e-child\" data-id=\"3bdf363\" data-element_type=\"container\" data-e-type=\"container\" data-settings=\"{&quot;background_background&quot;:&quot;classic&quot;}\">\n\t\t\t\t<div class=\"elementor-element elementor-element-fb660d3 elementor-align-left elementor-tablet-align-center elementor-widget-mobile__width-inherit elementor-widget elementor-widget-button\" data-id=\"fb660d3\" data-element_type=\"widget\" data-e-type=\"widget\" data-widget_type=\"button.default\">\n\t\t\t\t<div class=\"elementor-widget-container\">\n\t\t\t\t\t\t\t\t\t<div class=\"elementor-button-wrapper\">\n\t\t\t\t\t<a class=\"elementor-button elementor-button-link elementor-size-sm\" href=\"https:\/\/grupoale.com\/zoomlion\/gruas-moviles\/\">\n\t\t\t\t\t\t<span class=\"elementor-button-content-wrapper\">\n\t\t\t\t\t\t<span class=\"elementor-button-icon\">\n\t\t\t\t<svg aria-hidden=\"true\" class=\"e-font-icon-svg e-fas-angle-right\" viewBox=\"0 0 256 512\" xmlns=\"http:\/\/www.w3.org\/2000\/svg\"><path d=\"M224.3 273l-136 136c-9.4 9.4-24.6 9.4-33.9 0l-22.6-22.6c-9.4-9.4-9.4-24.6 0-33.9l96.4-96.4-96.4-96.4c-9.4-9.4-9.4-24.6 0-33.9L54.3 103c9.4-9.4 24.6-9.4 33.9 0l136 136c9.5 9.4 9.5 24.6.1 34z\"><\/path><\/svg>\t\t\t<\/span>\n\t\t\t\t\t\t\t\t\t<span class=\"elementor-button-text\">Gr\u00faas M\u00f3viles<\/span>\n\t\t\t\t\t<\/span>\n\t\t\t\t\t<\/a>\n\t\t\t\t<\/div>\n\t\t\t\t\t\t\t\t<\/div>\n\t\t\t\t<\/div>\n\t\t\t\t<div class=\"elementor-element elementor-element-0369e7f elementor-invisible elementor-widget elementor-widget-heading\" data-id=\"0369e7f\" data-element_type=\"widget\" data-e-type=\"widget\" data-settings=\"{&quot;_animation&quot;:&quot;fadeInLeft&quot;}\" data-widget_type=\"heading.default\">\n\t\t\t\t<div class=\"elementor-widget-container\">\n\t\t\t\t\t<h1 class=\"elementor-heading-title elementor-size-default\">Gr\u00faas sobre Orugas Telesc\u00f3picas<\/h1>\t\t\t\t<\/div>\n\t\t\t\t<\/div>\n\t\t\t\t<\/div>\n\t\t\t\t<\/div>\n\t\t<div class=\"elementor-element elementor-element-bda6302 e-flex e-con-boxed e-con e-parent\" data-id=\"bda6302\" data-element_type=\"container\" data-e-type=\"container\">\n\t\t\t\t\t<div class=\"e-con-inner\">\n\t\t<div class=\"elementor-element elementor-element-f5d4d46 e-con-full e-flex e-con e-child\" data-id=\"f5d4d46\" data-element_type=\"container\" data-e-type=\"container\">\n\t\t\t\t<div class=\"elementor-element elementor-element-3674564 elementor-grid-2 elementor-grid-tablet-2 elementor-grid-mobile-1 elementor-widget elementor-widget-loop-grid\" data-id=\"3674564\" data-element_type=\"widget\" data-e-type=\"widget\" data-settings=\"{&quot;template_id&quot;:420,&quot;columns&quot;:2,&quot;_skin&quot;:&quot;post&quot;,&quot;columns_tablet&quot;:&quot;2&quot;,&quot;columns_mobile&quot;:&quot;1&quot;,&quot;edit_handle_selector&quot;:&quot;[data-elementor-type=\\&quot;loop-item\\&quot;]&quot;,&quot;row_gap&quot;:{&quot;unit&quot;:&quot;px&quot;,&quot;size&quot;:&quot;&quot;,&quot;sizes&quot;:[]},&quot;row_gap_tablet&quot;:{&quot;unit&quot;:&quot;px&quot;,&quot;size&quot;:&quot;&quot;,&quot;sizes&quot;:[]},&quot;row_gap_mobile&quot;:{&quot;unit&quot;:&quot;px&quot;,&quot;size&quot;:&quot;&quot;,&quot;sizes&quot;:[]}}\" data-widget_type=\"loop-grid.post\">\n\t\t\t\t<div class=\"elementor-widget-container\">\n\t\t\t\t\t\t\t<div class=\"e-loop-nothing-found-message\">\n\t\t<\/div>\n\t\t\t\t\t\t<\/div>\n\t\t\t\t<\/div>\n\t\t\t\t<\/div>\n\t\t\t\t<div class=\"elementor-element elementor-element-5460174 elementor-align-center elementor-tablet-align-center elementor-widget elementor-widget-button\" data-id=\"5460174\" data-element_type=\"widget\" data-e-type=\"widget\" data-widget_type=\"button.default\">\n\t\t\t\t<div class=\"elementor-widget-container\">\n\t\t\t\t\t\t\t\t\t<div class=\"elementor-button-wrapper\">\n\t\t\t\t\t<a class=\"elementor-button elementor-button-link elementor-size-sm\" href=\"https:\/\/grupoale.com\/zoomlion\/gruas-moviles\/\">\n\t\t\t\t\t\t<span class=\"elementor-button-content-wrapper\">\n\t\t\t\t\t\t<span class=\"elementor-button-icon\">\n\t\t\t\t<svg aria-hidden=\"true\" class=\"e-font-icon-svg e-fas-long-arrow-alt-right\" viewBox=\"0 0 448 512\" xmlns=\"http:\/\/www.w3.org\/2000\/svg\"><path d=\"M313.941 216H12c-6.627 0-12 5.373-12 12v56c0 6.627 5.373 12 12 12h301.941v46.059c0 21.382 25.851 32.09 40.971 16.971l86.059-86.059c9.373-9.373 9.373-24.569 0-33.941l-86.059-86.059c-15.119-15.119-40.971-4.411-40.971 16.971V216z\"><\/path><\/svg>\t\t\t<\/span>\n\t\t\t\t\t\t\t\t\t<span class=\"elementor-button-text\">Ver todas las Gr\u00faas M\u00f3viles<\/span>\n\t\t\t\t\t<\/span>\n\t\t\t\t\t<\/a>\n\t\t\t\t<\/div>\n\t\t\t\t\t\t\t\t<\/div>\n\t\t\t\t<\/div>\n\t\t\t\t\t<\/div>\n\t\t\t\t<\/div>\n\t\t<div class=\"elementor-element elementor-element-9f2ffb3 e-flex e-con-boxed e-con e-parent\" data-id=\"9f2ffb3\" data-element_type=\"container\" data-e-type=\"container\" data-settings=\"{&quot;background_background&quot;:&quot;classic&quot;}\">\n\t\t\t\t\t<div class=\"e-con-inner\">\n\t\t\t\t<div class=\"elementor-element elementor-element-1ea71c6 elementor-widget-divider--view-line elementor-invisible elementor-widget elementor-widget-divider\" data-id=\"1ea71c6\" data-element_type=\"widget\" data-e-type=\"widget\" data-settings=\"{&quot;_animation&quot;:&quot;slideInLeft&quot;}\" data-widget_type=\"divider.default\">\n\t\t\t\t<div class=\"elementor-widget-container\">\n\t\t\t\t\t\t\t<div class=\"elementor-divider\">\n\t\t\t<span class=\"elementor-divider-separator\">\n\t\t\t\t\t\t<\/span>\n\t\t<\/div>\n\t\t\t\t\t\t<\/div>\n\t\t\t\t<\/div>\n\t\t\t\t<div class=\"elementor-element elementor-element-e47f88c elementor-widget elementor-widget-heading\" data-id=\"e47f88c\" data-element_type=\"widget\" data-e-type=\"widget\" data-widget_type=\"heading.default\">\n\t\t\t\t<div class=\"elementor-widget-container\">\n\t\t\t\t\t<h2 class=\"elementor-heading-title elementor-size-default\">\u00bfQuieres m\u00e1s informaci\u00f3n de Gr\u00faas sobre Orugas Telesc\u00f3picas?<\/h2>\t\t\t\t<\/div>\n\t\t\t\t<\/div>\n\t\t\t\t<div class=\"elementor-element elementor-element-f5a1021 elementor-align-center elementor-widget elementor-widget-button\" data-id=\"f5a1021\" data-element_type=\"widget\" data-e-type=\"widget\" data-widget_type=\"button.default\">\n\t\t\t\t<div class=\"elementor-widget-container\">\n\t\t\t\t\t\t\t\t\t<div class=\"elementor-button-wrapper\">\n\t\t\t\t\t<a class=\"elementor-button elementor-button-link elementor-size-sm\" href=\"https:\/\/grupoale.com\/zoomlion\/contactar\/\">\n\t\t\t\t\t\t<span class=\"elementor-button-content-wrapper\">\n\t\t\t\t\t\t<span class=\"elementor-button-icon\">\n\t\t\t\t<svg aria-hidden=\"true\" class=\"e-font-icon-svg e-fas-long-arrow-alt-right\" viewBox=\"0 0 448 512\" xmlns=\"http:\/\/www.w3.org\/2000\/svg\"><path d=\"M313.941 216H12c-6.627 0-12 5.373-12 12v56c0 6.627 5.373 12 12 12h301.941v46.059c0 21.382 25.851 32.09 40.971 16.971l86.059-86.059c9.373-9.373 9.373-24.569 0-33.941l-86.059-86.059c-15.119-15.119-40.971-4.411-40.971 16.971V216z\"><\/path><\/svg>\t\t\t<\/span>\n\t\t\t\t\t\t\t\t\t<span class=\"elementor-button-text\">Contactar con ALE Group<\/span>\n\t\t\t\t\t<\/span>\n\t\t\t\t\t<\/a>\n\t\t\t\t<\/div>\n\t\t\t\t\t\t\t\t<\/div>\n\t\t\t\t<\/div>\n\t\t\t\t\t<\/div>\n\t\t\t\t<\/div>\n\t\t\t\t<\/div>\n\t\t","protected":false},"excerpt":{"rendered":"<p>Gr\u00faas M\u00f3viles Gr\u00faas sobre Orugas Telesc\u00f3picas Todas Ver todas las Gr\u00faas M\u00f3viles \u00bfQuieres m\u00e1s informaci\u00f3n de Gr\u00faas sobre Orugas Telesc\u00f3picas? Contactar con ALE Group<\/p>\n","protected":false},"author":2,"featured_media":858,"parent":787,"menu_order":0,"comment_status":"closed","ping_status":"closed","template":"","meta":{"_acf_changed":false,"footnotes":""},"class_list":["post-941","page","type-page","status-publish","has-post-thumbnail","hentry"],"acf":[],"yoast_head":"<!-- This site is optimized with the Yoast SEO plugin v27.1.1 - https:\/\/yoast.com\/product\/yoast-seo-wordpress\/ -->\n<title>Gr\u00faas sobre Orugas Telesc\u00f3picas - ALE Group Distribuidor Zoomlion<\/title>\n<meta name=\"description\" content=\"Gr\u00faas sobre Orugas Telesc\u00f3picas Zoomlion. Descubre toda la gama de Gr\u00faas sobre Orugas Telesc\u00f3picas en la web de ALE Group.\" \/>\n<meta name=\"robots\" content=\"index, follow, max-snippet:-1, max-image-preview:large, max-video-preview:-1\" \/>\n<link rel=\"canonical\" href=\"https:\/\/grupoale.com\/zoomlion\/gruas-moviles\/gruas-sobre-orugas-telescopicas\/\" \/>\n<meta property=\"og:locale\" content=\"es_ES\" \/>\n<meta property=\"og:type\" content=\"article\" \/>\n<meta property=\"og:title\" content=\"Gr\u00faas sobre Orugas Telesc\u00f3picas - ALE Group Distribuidor Zoomlion\" \/>\n<meta property=\"og:description\" content=\"Gr\u00faas sobre Orugas Telesc\u00f3picas Zoomlion. Descubre toda la gama de Gr\u00faas sobre Orugas Telesc\u00f3picas en la web de ALE Group.\" \/>\n<meta property=\"og:url\" content=\"https:\/\/grupoale.com\/zoomlion\/gruas-moviles\/gruas-sobre-orugas-telescopicas\/\" \/>\n<meta property=\"og:site_name\" content=\"ALE Group - Distribuidor Zoomlion Maquinaria de Elevaci\u00f3n\" \/>\n<meta property=\"article:publisher\" content=\"https:\/\/www.facebook.com\/AccessLiftEquipment.Group\" \/>\n<meta property=\"article:modified_time\" content=\"2024-11-22T14:46:40+00:00\" \/>\n<meta property=\"og:image\" content=\"https:\/\/grupoale.com\/zoomlion\/wp-content\/uploads\/grua-movil-ale-group.jpg\" \/>\n\t<meta property=\"og:image:width\" content=\"1920\" \/>\n\t<meta property=\"og:image:height\" content=\"960\" \/>\n\t<meta property=\"og:image:type\" content=\"image\/jpeg\" \/>\n<meta name=\"twitter:card\" content=\"summary_large_image\" \/>\n<meta name=\"twitter:label1\" content=\"Tiempo de lectura\" \/>\n\t<meta name=\"twitter:data1\" content=\"1 minuto\" \/>\n<script type=\"application\/ld+json\" class=\"yoast-schema-graph\">{\"@context\":\"https:\/\/schema.org\",\"@graph\":[{\"@type\":\"WebPage\",\"@id\":\"https:\/\/grupoale.com\/zoomlion\/gruas-moviles\/gruas-sobre-orugas-telescopicas\/\",\"url\":\"https:\/\/grupoale.com\/zoomlion\/gruas-moviles\/gruas-sobre-orugas-telescopicas\/\",\"name\":\"Gr\u00faas sobre Orugas Telesc\u00f3picas - ALE Group Distribuidor Zoomlion\",\"isPartOf\":{\"@id\":\"https:\/\/grupoale.com\/zoomlion\/#website\"},\"primaryImageOfPage\":{\"@id\":\"https:\/\/grupoale.com\/zoomlion\/gruas-moviles\/gruas-sobre-orugas-telescopicas\/#primaryimage\"},\"image\":{\"@id\":\"https:\/\/grupoale.com\/zoomlion\/gruas-moviles\/gruas-sobre-orugas-telescopicas\/#primaryimage\"},\"thumbnailUrl\":\"https:\/\/grupoale.com\/zoomlion\/wp-content\/uploads\/grua-movil-ale-group.jpg\",\"datePublished\":\"2024-11-22T11:13:48+00:00\",\"dateModified\":\"2024-11-22T14:46:40+00:00\",\"description\":\"Gr\u00faas sobre Orugas Telesc\u00f3picas Zoomlion. Descubre toda la gama de Gr\u00faas sobre Orugas Telesc\u00f3picas en la web de ALE Group.\",\"breadcrumb\":{\"@id\":\"https:\/\/grupoale.com\/zoomlion\/gruas-moviles\/gruas-sobre-orugas-telescopicas\/#breadcrumb\"},\"inLanguage\":\"es\",\"potentialAction\":[{\"@type\":\"ReadAction\",\"target\":[\"https:\/\/grupoale.com\/zoomlion\/gruas-moviles\/gruas-sobre-orugas-telescopicas\/\"]}]},{\"@type\":\"ImageObject\",\"inLanguage\":\"es\",\"@id\":\"https:\/\/grupoale.com\/zoomlion\/gruas-moviles\/gruas-sobre-orugas-telescopicas\/#primaryimage\",\"url\":\"https:\/\/grupoale.com\/zoomlion\/wp-content\/uploads\/grua-movil-ale-group.jpg\",\"contentUrl\":\"https:\/\/grupoale.com\/zoomlion\/wp-content\/uploads\/grua-movil-ale-group.jpg\",\"width\":1920,\"height\":960,\"caption\":\"Gr\u00faas M\u00f3viles de Ale Group - Zoomlion\"},{\"@type\":\"BreadcrumbList\",\"@id\":\"https:\/\/grupoale.com\/zoomlion\/gruas-moviles\/gruas-sobre-orugas-telescopicas\/#breadcrumb\",\"itemListElement\":[{\"@type\":\"ListItem\",\"position\":1,\"name\":\"Portada\",\"item\":\"https:\/\/grupoale.com\/zoomlion\/\"},{\"@type\":\"ListItem\",\"position\":2,\"name\":\"Gr\u00faas M\u00f3viles\",\"item\":\"https:\/\/grupoale.com\/zoomlion\/gruas-moviles\/\"},{\"@type\":\"ListItem\",\"position\":3,\"name\":\"Gr\u00faas sobre Orugas Telesc\u00f3picas\"}]},{\"@type\":\"WebSite\",\"@id\":\"https:\/\/grupoale.com\/zoomlion\/#website\",\"url\":\"https:\/\/grupoale.com\/zoomlion\/\",\"name\":\"ALE Group - Distribuidor Zoomlion Maquinaria de Elevaci\u00f3n\",\"description\":\"ALE Group\",\"publisher\":{\"@id\":\"https:\/\/grupoale.com\/zoomlion\/#organization\"},\"potentialAction\":[{\"@type\":\"SearchAction\",\"target\":{\"@type\":\"EntryPoint\",\"urlTemplate\":\"https:\/\/grupoale.com\/zoomlion\/?s={search_term_string}\"},\"query-input\":{\"@type\":\"PropertyValueSpecification\",\"valueRequired\":true,\"valueName\":\"search_term_string\"}}],\"inLanguage\":\"es\"},{\"@type\":\"Organization\",\"@id\":\"https:\/\/grupoale.com\/zoomlion\/#organization\",\"name\":\"ALE Group - Distribuidor Zoomlion Maquinaria de Elevaci\u00f3n\",\"alternateName\":\"ALE Group\",\"url\":\"https:\/\/grupoale.com\/zoomlion\/\",\"logo\":{\"@type\":\"ImageObject\",\"inLanguage\":\"es\",\"@id\":\"https:\/\/grupoale.com\/zoomlion\/#\/schema\/logo\/image\/\",\"url\":\"https:\/\/grupoale.com\/zoomlion\/wp-content\/uploads\/ale-group-logotipo.png\",\"contentUrl\":\"https:\/\/grupoale.com\/zoomlion\/wp-content\/uploads\/ale-group-logotipo.png\",\"width\":1200,\"height\":532,\"caption\":\"ALE Group - Distribuidor Zoomlion Maquinaria de Elevaci\u00f3n\"},\"image\":{\"@id\":\"https:\/\/grupoale.com\/zoomlion\/#\/schema\/logo\/image\/\"},\"sameAs\":[\"https:\/\/www.facebook.com\/AccessLiftEquipment.Group\",\"https:\/\/www.instagram.com\/AccessLiftEquipment.Group\",\"https:\/\/www.linkedin.com\/company\/accessliftequipment-group\"]}]}<\/script>\n<!-- \/ Yoast SEO plugin. -->","yoast_head_json":{"title":"Gr\u00faas sobre Orugas Telesc\u00f3picas - ALE Group Distribuidor Zoomlion","description":"Gr\u00faas sobre Orugas Telesc\u00f3picas Zoomlion. Descubre toda la gama de Gr\u00faas sobre Orugas Telesc\u00f3picas en la web de ALE Group.","robots":{"index":"index","follow":"follow","max-snippet":"max-snippet:-1","max-image-preview":"max-image-preview:large","max-video-preview":"max-video-preview:-1"},"canonical":"https:\/\/grupoale.com\/zoomlion\/gruas-moviles\/gruas-sobre-orugas-telescopicas\/","og_locale":"es_ES","og_type":"article","og_title":"Gr\u00faas sobre Orugas Telesc\u00f3picas - ALE Group Distribuidor Zoomlion","og_description":"Gr\u00faas sobre Orugas Telesc\u00f3picas Zoomlion. Descubre toda la gama de Gr\u00faas sobre Orugas Telesc\u00f3picas en la web de ALE Group.","og_url":"https:\/\/grupoale.com\/zoomlion\/gruas-moviles\/gruas-sobre-orugas-telescopicas\/","og_site_name":"ALE Group - Distribuidor Zoomlion Maquinaria de Elevaci\u00f3n","article_publisher":"https:\/\/www.facebook.com\/AccessLiftEquipment.Group","article_modified_time":"2024-11-22T14:46:40+00:00","og_image":[{"width":1920,"height":960,"url":"https:\/\/grupoale.com\/zoomlion\/wp-content\/uploads\/grua-movil-ale-group.jpg","type":"image\/jpeg"}],"twitter_card":"summary_large_image","twitter_misc":{"Tiempo de lectura":"1 minuto"},"schema":{"@context":"https:\/\/schema.org","@graph":[{"@type":"WebPage","@id":"https:\/\/grupoale.com\/zoomlion\/gruas-moviles\/gruas-sobre-orugas-telescopicas\/","url":"https:\/\/grupoale.com\/zoomlion\/gruas-moviles\/gruas-sobre-orugas-telescopicas\/","name":"Gr\u00faas sobre Orugas Telesc\u00f3picas - ALE Group Distribuidor Zoomlion","isPartOf":{"@id":"https:\/\/grupoale.com\/zoomlion\/#website"},"primaryImageOfPage":{"@id":"https:\/\/grupoale.com\/zoomlion\/gruas-moviles\/gruas-sobre-orugas-telescopicas\/#primaryimage"},"image":{"@id":"https:\/\/grupoale.com\/zoomlion\/gruas-moviles\/gruas-sobre-orugas-telescopicas\/#primaryimage"},"thumbnailUrl":"https:\/\/grupoale.com\/zoomlion\/wp-content\/uploads\/grua-movil-ale-group.jpg","datePublished":"2024-11-22T11:13:48+00:00","dateModified":"2024-11-22T14:46:40+00:00","description":"Gr\u00faas sobre Orugas Telesc\u00f3picas Zoomlion. Descubre toda la gama de Gr\u00faas sobre Orugas Telesc\u00f3picas en la web de ALE Group.","breadcrumb":{"@id":"https:\/\/grupoale.com\/zoomlion\/gruas-moviles\/gruas-sobre-orugas-telescopicas\/#breadcrumb"},"inLanguage":"es","potentialAction":[{"@type":"ReadAction","target":["https:\/\/grupoale.com\/zoomlion\/gruas-moviles\/gruas-sobre-orugas-telescopicas\/"]}]},{"@type":"ImageObject","inLanguage":"es","@id":"https:\/\/grupoale.com\/zoomlion\/gruas-moviles\/gruas-sobre-orugas-telescopicas\/#primaryimage","url":"https:\/\/grupoale.com\/zoomlion\/wp-content\/uploads\/grua-movil-ale-group.jpg","contentUrl":"https:\/\/grupoale.com\/zoomlion\/wp-content\/uploads\/grua-movil-ale-group.jpg","width":1920,"height":960,"caption":"Gr\u00faas M\u00f3viles de Ale Group - Zoomlion"},{"@type":"BreadcrumbList","@id":"https:\/\/grupoale.com\/zoomlion\/gruas-moviles\/gruas-sobre-orugas-telescopicas\/#breadcrumb","itemListElement":[{"@type":"ListItem","position":1,"name":"Portada","item":"https:\/\/grupoale.com\/zoomlion\/"},{"@type":"ListItem","position":2,"name":"Gr\u00faas M\u00f3viles","item":"https:\/\/grupoale.com\/zoomlion\/gruas-moviles\/"},{"@type":"ListItem","position":3,"name":"Gr\u00faas sobre Orugas Telesc\u00f3picas"}]},{"@type":"WebSite","@id":"https:\/\/grupoale.com\/zoomlion\/#website","url":"https:\/\/grupoale.com\/zoomlion\/","name":"ALE Group - Distribuidor Zoomlion Maquinaria de Elevaci\u00f3n","description":"ALE Group","publisher":{"@id":"https:\/\/grupoale.com\/zoomlion\/#organization"},"potentialAction":[{"@type":"SearchAction","target":{"@type":"EntryPoint","urlTemplate":"https:\/\/grupoale.com\/zoomlion\/?s={search_term_string}"},"query-input":{"@type":"PropertyValueSpecification","valueRequired":true,"valueName":"search_term_string"}}],"inLanguage":"es"},{"@type":"Organization","@id":"https:\/\/grupoale.com\/zoomlion\/#organization","name":"ALE Group - Distribuidor Zoomlion Maquinaria de Elevaci\u00f3n","alternateName":"ALE Group","url":"https:\/\/grupoale.com\/zoomlion\/","logo":{"@type":"ImageObject","inLanguage":"es","@id":"https:\/\/grupoale.com\/zoomlion\/#\/schema\/logo\/image\/","url":"https:\/\/grupoale.com\/zoomlion\/wp-content\/uploads\/ale-group-logotipo.png","contentUrl":"https:\/\/grupoale.com\/zoomlion\/wp-content\/uploads\/ale-group-logotipo.png","width":1200,"height":532,"caption":"ALE Group - Distribuidor Zoomlion Maquinaria de Elevaci\u00f3n"},"image":{"@id":"https:\/\/grupoale.com\/zoomlion\/#\/schema\/logo\/image\/"},"sameAs":["https:\/\/www.facebook.com\/AccessLiftEquipment.Group","https:\/\/www.instagram.com\/AccessLiftEquipment.Group","https:\/\/www.linkedin.com\/company\/accessliftequipment-group"]}]}},"_links":{"self":[{"href":"https:\/\/grupoale.com\/zoomlion\/wp-json\/wp\/v2\/pages\/941","targetHints":{"allow":["GET"]}}],"collection":[{"href":"https:\/\/grupoale.com\/zoomlion\/wp-json\/wp\/v2\/pages"}],"about":[{"href":"https:\/\/grupoale.com\/zoomlion\/wp-json\/wp\/v2\/types\/page"}],"author":[{"embeddable":true,"href":"https:\/\/grupoale.com\/zoomlion\/wp-json\/wp\/v2\/users\/2"}],"replies":[{"embeddable":true,"href":"https:\/\/grupoale.com\/zoomlion\/wp-json\/wp\/v2\/comments?post=941"}],"version-history":[{"count":13,"href":"https:\/\/grupoale.com\/zoomlion\/wp-json\/wp\/v2\/pages\/941\/revisions"}],"predecessor-version":[{"id":1120,"href":"https:\/\/grupoale.com\/zoomlion\/wp-json\/wp\/v2\/pages\/941\/revisions\/1120"}],"up":[{"embeddable":true,"href":"https:\/\/grupoale.com\/zoomlion\/wp-json\/wp\/v2\/pages\/787"}],"wp:featuredmedia":[{"embeddable":true,"href":"https:\/\/grupoale.com\/zoomlion\/wp-json\/wp\/v2\/media\/858"}],"wp:attachment":[{"href":"https:\/\/grupoale.com\/zoomlion\/wp-json\/wp\/v2\/media?parent=941"}],"curies":[{"name":"wp","href":"https:\/\/api.w.org\/{rel}","templated":true}]}}