{"id":1279,"date":"2024-11-25T09:39:03","date_gmt":"2024-11-25T08:39:03","guid":{"rendered":"https:\/\/grupoale.com\/zoomlion\/?page_id=1279"},"modified":"2024-11-25T13:01:33","modified_gmt":"2024-11-25T12:01:33","slug":"noticias","status":"publish","type":"page","link":"https:\/\/grupoale.com\/zoomlion\/actualidad\/noticias\/","title":{"rendered":"Noticias"},"content":{"rendered":"\t\t<div data-elementor-type=\"wp-page\" data-elementor-id=\"1279\" class=\"elementor elementor-1279\" data-elementor-post-type=\"page\">\n\t\t\t\t<div class=\"elementor-element elementor-element-bd654e1 e-flex e-con-boxed e-con e-parent\" data-id=\"bd654e1\" data-element_type=\"container\" data-e-type=\"container\" data-settings=\"{&quot;background_background&quot;:&quot;classic&quot;}\">\n\t\t\t\t\t<div class=\"e-con-inner\">\n\t\t\t\t<div class=\"elementor-element elementor-element-9f6ff4a elementor-widget elementor-widget-heading\" data-id=\"9f6ff4a\" data-element_type=\"widget\" data-e-type=\"widget\" data-widget_type=\"heading.default\">\n\t\t\t\t<div class=\"elementor-widget-container\">\n\t\t\t\t\t<h1 class=\"elementor-heading-title elementor-size-default\">Noticias<\/h1>\t\t\t\t<\/div>\n\t\t\t\t<\/div>\n\t\t\t\t\t<\/div>\n\t\t\t\t<\/div>\n\t\t<div class=\"elementor-element elementor-element-7b476fe e-flex e-con-boxed e-con e-parent\" data-id=\"7b476fe\" data-element_type=\"container\" data-e-type=\"container\">\n\t\t\t\t\t<div class=\"e-con-inner\">\n\t\t\t\t<div class=\"elementor-element elementor-element-5de85d7 elementor-grid-3 elementor-grid-tablet-2 elementor-grid-mobile-1 elementor-widget elementor-widget-loop-grid\" data-id=\"5de85d7\" data-element_type=\"widget\" data-e-type=\"widget\" data-settings=\"{&quot;template_id&quot;:1227,&quot;columns&quot;:3,&quot;pagination_type&quot;:&quot;numbers_and_prev_next&quot;,&quot;_skin&quot;:&quot;post&quot;,&quot;columns_tablet&quot;:&quot;2&quot;,&quot;columns_mobile&quot;:&quot;1&quot;,&quot;edit_handle_selector&quot;:&quot;[data-elementor-type=\\&quot;loop-item\\&quot;]&quot;,&quot;pagination_load_type&quot;:&quot;page_reload&quot;,&quot;row_gap&quot;:{&quot;unit&quot;:&quot;px&quot;,&quot;size&quot;:&quot;&quot;,&quot;sizes&quot;:[]},&quot;row_gap_tablet&quot;:{&quot;unit&quot;:&quot;px&quot;,&quot;size&quot;:&quot;&quot;,&quot;sizes&quot;:[]},&quot;row_gap_mobile&quot;:{&quot;unit&quot;:&quot;px&quot;,&quot;size&quot;:&quot;&quot;,&quot;sizes&quot;:[]}}\" data-widget_type=\"loop-grid.post\">\n\t\t\t\t<div class=\"elementor-widget-container\">\n\t\t\t\t\t\t\t<div class=\"elementor-loop-container elementor-grid\" role=\"list\">\n\t\t<style id=\"loop-1227\">.elementor-1227 .elementor-element.elementor-element-69b8b3a9{--display:flex;--flex-direction:column;--container-widget-width:100%;--container-widget-height:initial;--container-widget-flex-grow:0;--container-widget-align-self:initial;--flex-wrap-mobile:wrap;--gap:10px 10px;--row-gap:10px;--column-gap:10px;--border-radius:20px 20px 20px 20px;box-shadow:0px 4px 44px 0px rgba(0, 0, 0, 0.1);--padding-top:20px;--padding-bottom:20px;--padding-left:20px;--padding-right:20px;}.elementor-1227 .elementor-element.elementor-element-69b8b3a9:hover{box-shadow:0px 2px 25px 0px rgba(0, 0, 0, 0.2);}.elementor-widget-theme-post-featured-image .widget-image-caption{color:var( --e-global-color-text );font-family:var( --e-global-typography-text-font-family ), Sans-serif;font-size:var( --e-global-typography-text-font-size );font-weight:var( --e-global-typography-text-font-weight );line-height:var( --e-global-typography-text-line-height );letter-spacing:var( --e-global-typography-text-letter-spacing );}.elementor-1227 .elementor-element.elementor-element-eac3038{--display:flex;--flex-direction:row;--container-widget-width:calc( ( 1 - var( --container-widget-flex-grow ) ) * 100% );--container-widget-height:100%;--container-widget-flex-grow:1;--container-widget-align-self:stretch;--flex-wrap-mobile:wrap;--align-items:center;--gap:14px 14px;--row-gap:14px;--column-gap:14px;--margin-top:15px;--margin-bottom:15px;--margin-left:0px;--margin-right:0px;--padding-top:0px;--padding-bottom:0px;--padding-left:0px;--padding-right:0px;}.elementor-widget-heading .elementor-heading-title{font-family:var( --e-global-typography-primary-font-family ), Sans-serif;font-size:var( --e-global-typography-primary-font-size );font-weight:var( --e-global-typography-primary-font-weight );letter-spacing:var( --e-global-typography-primary-letter-spacing );color:var( --e-global-color-primary );}.elementor-1227 .elementor-element.elementor-element-34a9ab5 .elementor-heading-title{font-family:var( --e-global-typography-accent-font-family ), Sans-serif;font-size:var( --e-global-typography-accent-font-size );font-weight:var( --e-global-typography-accent-font-weight );text-transform:var( --e-global-typography-accent-text-transform );letter-spacing:var( --e-global-typography-accent-letter-spacing );color:var( --e-global-color-primary );}.elementor-1227 .elementor-element.elementor-element-34a9ab5 > .elementor-widget-container{padding:6px 12px 6px 12px;background-color:var( --e-global-color-secondary );border-radius:8px 8px 8px 8px;}.elementor-1227 .elementor-element.elementor-element-3925b737 .elementor-heading-title{font-family:var( --e-global-typography-accent-font-family ), Sans-serif;font-size:var( --e-global-typography-accent-font-size );font-weight:var( --e-global-typography-accent-font-weight );text-transform:var( --e-global-typography-accent-text-transform );letter-spacing:var( --e-global-typography-accent-letter-spacing );color:var( --e-global-color-secondary );}.elementor-1227 .elementor-element.elementor-element-3925b737 > .elementor-widget-container{padding:6px 0px 6px 0px;}.elementor-widget-theme-post-title .elementor-heading-title{font-family:var( --e-global-typography-primary-font-family ), Sans-serif;font-size:var( --e-global-typography-primary-font-size );font-weight:var( --e-global-typography-primary-font-weight );letter-spacing:var( --e-global-typography-primary-letter-spacing );color:var( --e-global-color-primary );}.elementor-1227 .elementor-element.elementor-element-6bca12b0 .elementor-heading-title{font-family:var( --e-global-typography-secondary-font-family ), Sans-serif;font-size:var( --e-global-typography-secondary-font-size );font-weight:var( --e-global-typography-secondary-font-weight );color:var( --e-global-color-primary );}.elementor-widget-theme-post-excerpt .elementor-widget-container{font-family:var( --e-global-typography-text-font-family ), Sans-serif;font-size:var( --e-global-typography-text-font-size );font-weight:var( --e-global-typography-text-font-weight );line-height:var( --e-global-typography-text-line-height );letter-spacing:var( --e-global-typography-text-letter-spacing );color:var( --e-global-color-text );}.elementor-1227 .elementor-element.elementor-element-c50cd25 .elementor-widget-container{font-family:var( --e-global-typography-text-font-family ), Sans-serif;font-size:var( --e-global-typography-text-font-size );font-weight:var( --e-global-typography-text-font-weight );line-height:var( --e-global-typography-text-line-height );letter-spacing:var( --e-global-typography-text-letter-spacing );color:var( --e-global-color-primary );}@media(max-width:1024px){.elementor-widget-theme-post-featured-image .widget-image-caption{font-size:var( --e-global-typography-text-font-size );line-height:var( --e-global-typography-text-line-height );letter-spacing:var( --e-global-typography-text-letter-spacing );}.elementor-1227 .elementor-element.elementor-element-eac3038{--justify-content:space-between;}.elementor-widget-heading .elementor-heading-title{font-size:var( --e-global-typography-primary-font-size );letter-spacing:var( --e-global-typography-primary-letter-spacing );}.elementor-1227 .elementor-element.elementor-element-34a9ab5 .elementor-heading-title{font-size:var( --e-global-typography-accent-font-size );letter-spacing:var( --e-global-typography-accent-letter-spacing );}.elementor-1227 .elementor-element.elementor-element-3925b737 .elementor-heading-title{font-size:var( --e-global-typography-accent-font-size );letter-spacing:var( --e-global-typography-accent-letter-spacing );}.elementor-widget-theme-post-title .elementor-heading-title{font-size:var( --e-global-typography-primary-font-size );letter-spacing:var( --e-global-typography-primary-letter-spacing );}.elementor-1227 .elementor-element.elementor-element-6bca12b0 .elementor-heading-title{font-size:var( --e-global-typography-secondary-font-size );}.elementor-widget-theme-post-excerpt .elementor-widget-container{font-size:var( --e-global-typography-text-font-size );line-height:var( --e-global-typography-text-line-height );letter-spacing:var( --e-global-typography-text-letter-spacing );}.elementor-1227 .elementor-element.elementor-element-c50cd25 .elementor-widget-container{font-size:var( --e-global-typography-text-font-size );line-height:var( --e-global-typography-text-line-height );letter-spacing:var( --e-global-typography-text-letter-spacing );}}@media(max-width:767px){.elementor-widget-theme-post-featured-image .widget-image-caption{font-size:var( --e-global-typography-text-font-size );line-height:var( --e-global-typography-text-line-height );letter-spacing:var( --e-global-typography-text-letter-spacing );}.elementor-1227 .elementor-element.elementor-element-eac3038{--justify-content:flex-start;}.elementor-widget-heading .elementor-heading-title{font-size:var( --e-global-typography-primary-font-size );letter-spacing:var( --e-global-typography-primary-letter-spacing );}.elementor-1227 .elementor-element.elementor-element-34a9ab5 .elementor-heading-title{font-size:var( --e-global-typography-accent-font-size );letter-spacing:var( --e-global-typography-accent-letter-spacing );}.elementor-1227 .elementor-element.elementor-element-34a9ab5 > .elementor-widget-container{padding:1px 12px 1px 12px;}.elementor-1227 .elementor-element.elementor-element-3925b737 .elementor-heading-title{font-size:var( --e-global-typography-accent-font-size );letter-spacing:var( --e-global-typography-accent-letter-spacing );}.elementor-widget-theme-post-title .elementor-heading-title{font-size:var( --e-global-typography-primary-font-size );letter-spacing:var( --e-global-typography-primary-letter-spacing );}.elementor-1227 .elementor-element.elementor-element-6bca12b0{text-align:start;}.elementor-1227 .elementor-element.elementor-element-6bca12b0 .elementor-heading-title{font-size:var( --e-global-typography-secondary-font-size );}.elementor-widget-theme-post-excerpt .elementor-widget-container{font-size:var( --e-global-typography-text-font-size );line-height:var( --e-global-typography-text-line-height );letter-spacing:var( --e-global-typography-text-letter-spacing );}.elementor-1227 .elementor-element.elementor-element-c50cd25 .elementor-widget-container{text-align:start;font-size:var( --e-global-typography-text-font-size );line-height:var( --e-global-typography-text-line-height );letter-spacing:var( --e-global-typography-text-letter-spacing );}}<\/style>\t\t<div data-elementor-type=\"loop-item\" data-elementor-id=\"1227\" class=\"elementor elementor-1227 e-loop-item e-loop-item-1267 post-1267 post type-post status-publish format-standard has-post-thumbnail hentry category-noticias\" data-elementor-post-type=\"elementor_library\" data-custom-edit-handle=\"1\">\n\t\t\t<a class=\"elementor-element elementor-element-69b8b3a9 e-con-full e-flex e-con e-parent\" data-id=\"69b8b3a9\" data-element_type=\"container\" data-e-type=\"container\" href=\"https:\/\/grupoale.com\/zoomlion\/ale-group-en-bauma-china-2024\/\">\n\t\t\t\t<div class=\"elementor-element elementor-element-f4ea828 elementor-widget elementor-widget-theme-post-featured-image elementor-widget-image\" data-id=\"f4ea828\" data-element_type=\"widget\" data-e-type=\"widget\" data-widget_type=\"theme-post-featured-image.default\">\n\t\t\t\t<div class=\"elementor-widget-container\">\n\t\t\t\t\t\t\t\t\t\t\t\t\t\t\t<img fetchpriority=\"high\" decoding=\"async\" width=\"1920\" height=\"1146\" src=\"https:\/\/grupoale.com\/zoomlion\/wp-content\/uploads\/bauma-china-2024-con-ale-group-y-zoomlion.jpg\" class=\"attachment-full size-full wp-image-1268\" alt=\"Bauma China 2024\" srcset=\"https:\/\/grupoale.com\/zoomlion\/wp-content\/uploads\/bauma-china-2024-con-ale-group-y-zoomlion.jpg 1920w, https:\/\/grupoale.com\/zoomlion\/wp-content\/uploads\/bauma-china-2024-con-ale-group-y-zoomlion-768x458.jpg 768w\" sizes=\"(max-width: 1920px) 100vw, 1920px\" \/>\t\t\t\t\t\t\t\t\t\t\t\t\t\t\t<\/div>\n\t\t\t\t<\/div>\n\t\t<div class=\"elementor-element elementor-element-eac3038 e-con-full e-flex e-con e-child\" data-id=\"eac3038\" data-element_type=\"container\" data-e-type=\"container\">\n\t\t\t\t<div class=\"elementor-element elementor-element-34a9ab5 elementor-widget elementor-widget-heading\" data-id=\"34a9ab5\" data-element_type=\"widget\" data-e-type=\"widget\" data-widget_type=\"heading.default\">\n\t\t\t\t<div class=\"elementor-widget-container\">\n\t\t\t\t\t<p class=\"elementor-heading-title elementor-size-default\"><span>Noticias<\/span><\/p>\t\t\t\t<\/div>\n\t\t\t\t<\/div>\n\t\t\t\t<div class=\"elementor-element elementor-element-3925b737 elementor-widget elementor-widget-heading\" data-id=\"3925b737\" data-element_type=\"widget\" data-e-type=\"widget\" data-widget_type=\"heading.default\">\n\t\t\t\t<div class=\"elementor-widget-container\">\n\t\t\t\t\t<p class=\"elementor-heading-title elementor-size-default\">25 Nov 2024<\/p>\t\t\t\t<\/div>\n\t\t\t\t<\/div>\n\t\t\t\t<\/div>\n\t\t\t\t<div class=\"elementor-element elementor-element-6bca12b0 elementor-widget elementor-widget-theme-post-title elementor-page-title elementor-widget-heading\" data-id=\"6bca12b0\" data-element_type=\"widget\" data-e-type=\"widget\" data-widget_type=\"theme-post-title.default\">\n\t\t\t\t<div class=\"elementor-widget-container\">\n\t\t\t\t\t<h2 class=\"elementor-heading-title elementor-size-default\">ALE Group en Bauma CHINA 2024<\/h2>\t\t\t\t<\/div>\n\t\t\t\t<\/div>\n\t\t\t\t<div class=\"elementor-element elementor-element-c50cd25 elementor-widget elementor-widget-theme-post-excerpt\" data-id=\"c50cd25\" data-element_type=\"widget\" data-e-type=\"widget\" data-widget_type=\"theme-post-excerpt.default\">\n\t\t\t\t<div class=\"elementor-widget-container\">\n\t\t\t\t\t<p>Llevamos a nuestros clientes a Bauma CHINA 2024 y a visitar las f\u00e1bricas de Zoomlion en Changsha. ALE Group, como\t\t\t\t<\/div>\n\t\t\t\t<\/div>\n\t\t\t\t<\/a>\n\t\t\t\t<\/div>\n\t\t\t\t<\/div>\n\t\t\n\t\t\t\t\t\t<\/div>\n\t\t\t\t<\/div>\n\t\t\t\t\t<\/div>\n\t\t\t\t<\/div>\n\t\t\t\t<\/div>\n\t\t","protected":false},"excerpt":{"rendered":"<p>Noticias<\/p>\n","protected":false},"author":2,"featured_media":79,"parent":281,"menu_order":0,"comment_status":"closed","ping_status":"closed","template":"","meta":{"_acf_changed":false,"footnotes":""},"class_list":["post-1279","page","type-page","status-publish","has-post-thumbnail","hentry"],"acf":[],"yoast_head":"<!-- This site is optimized with the Yoast SEO plugin v27.1.1 - https:\/\/yoast.com\/product\/yoast-seo-wordpress\/ -->\n<title>Noticias - ALE Group - Distribuidor Zoomlion Maquinaria de Elevaci\u00f3n<\/title>\n<meta name=\"description\" content=\"Descubre las \u00faltimas noticias de ALE Group, distribuidor Maquinaria de elevaci\u00f3n Zoomlion en Espa\u00f1a y Portugal.\" \/>\n<meta name=\"robots\" content=\"index, follow, max-snippet:-1, max-image-preview:large, max-video-preview:-1\" \/>\n<link rel=\"canonical\" href=\"https:\/\/grupoale.com\/zoomlion\/actualidad\/noticias\/\" \/>\n<meta property=\"og:locale\" content=\"es_ES\" \/>\n<meta property=\"og:type\" content=\"article\" \/>\n<meta property=\"og:title\" content=\"Noticias - ALE Group - Distribuidor Zoomlion Maquinaria de Elevaci\u00f3n\" \/>\n<meta property=\"og:description\" content=\"Descubre las \u00faltimas noticias de ALE Group, distribuidor Maquinaria de elevaci\u00f3n Zoomlion en Espa\u00f1a y Portugal.\" \/>\n<meta property=\"og:url\" content=\"https:\/\/grupoale.com\/zoomlion\/actualidad\/noticias\/\" \/>\n<meta property=\"og:site_name\" content=\"ALE Group - Distribuidor Zoomlion Maquinaria de Elevaci\u00f3n\" \/>\n<meta property=\"article:publisher\" content=\"https:\/\/www.facebook.com\/AccessLiftEquipment.Group\" \/>\n<meta property=\"article:modified_time\" content=\"2024-11-25T12:01:33+00:00\" \/>\n<meta property=\"og:image\" content=\"https:\/\/grupoale.com\/zoomlion\/wp-content\/uploads\/maquinaria-de-elevacion-ale-group.jpg\" \/>\n\t<meta property=\"og:image:width\" content=\"2001\" \/>\n\t<meta property=\"og:image:height\" content=\"1377\" \/>\n\t<meta property=\"og:image:type\" content=\"image\/jpeg\" \/>\n<meta name=\"twitter:card\" content=\"summary_large_image\" \/>\n<meta name=\"twitter:label1\" content=\"Tiempo de lectura\" \/>\n\t<meta name=\"twitter:data1\" content=\"1 minuto\" \/>\n<script type=\"application\/ld+json\" class=\"yoast-schema-graph\">{\"@context\":\"https:\/\/schema.org\",\"@graph\":[{\"@type\":\"WebPage\",\"@id\":\"https:\/\/grupoale.com\/zoomlion\/actualidad\/noticias\/\",\"url\":\"https:\/\/grupoale.com\/zoomlion\/actualidad\/noticias\/\",\"name\":\"Noticias - ALE Group - Distribuidor Zoomlion Maquinaria de Elevaci\u00f3n\",\"isPartOf\":{\"@id\":\"https:\/\/grupoale.com\/zoomlion\/#website\"},\"primaryImageOfPage\":{\"@id\":\"https:\/\/grupoale.com\/zoomlion\/actualidad\/noticias\/#primaryimage\"},\"image\":{\"@id\":\"https:\/\/grupoale.com\/zoomlion\/actualidad\/noticias\/#primaryimage\"},\"thumbnailUrl\":\"https:\/\/grupoale.com\/zoomlion\/wp-content\/uploads\/maquinaria-de-elevacion-ale-group.jpg\",\"datePublished\":\"2024-11-25T08:39:03+00:00\",\"dateModified\":\"2024-11-25T12:01:33+00:00\",\"description\":\"Descubre las \u00faltimas noticias de ALE Group, distribuidor Maquinaria de elevaci\u00f3n Zoomlion en Espa\u00f1a y Portugal.\",\"breadcrumb\":{\"@id\":\"https:\/\/grupoale.com\/zoomlion\/actualidad\/noticias\/#breadcrumb\"},\"inLanguage\":\"es\",\"potentialAction\":[{\"@type\":\"ReadAction\",\"target\":[\"https:\/\/grupoale.com\/zoomlion\/actualidad\/noticias\/\"]}]},{\"@type\":\"ImageObject\",\"inLanguage\":\"es\",\"@id\":\"https:\/\/grupoale.com\/zoomlion\/actualidad\/noticias\/#primaryimage\",\"url\":\"https:\/\/grupoale.com\/zoomlion\/wp-content\/uploads\/maquinaria-de-elevacion-ale-group.jpg\",\"contentUrl\":\"https:\/\/grupoale.com\/zoomlion\/wp-content\/uploads\/maquinaria-de-elevacion-ale-group.jpg\",\"width\":2001,\"height\":1377,\"caption\":\"Maquinaria de elevaci\u00f3n ALE Group - Distribuidor Zoomlion en Espa\u00f1a y Portugal\"},{\"@type\":\"BreadcrumbList\",\"@id\":\"https:\/\/grupoale.com\/zoomlion\/actualidad\/noticias\/#breadcrumb\",\"itemListElement\":[{\"@type\":\"ListItem\",\"position\":1,\"name\":\"Portada\",\"item\":\"https:\/\/grupoale.com\/zoomlion\/\"},{\"@type\":\"ListItem\",\"position\":2,\"name\":\"Actualidad\",\"item\":\"https:\/\/grupoale.com\/zoomlion\/actualidad\/\"},{\"@type\":\"ListItem\",\"position\":3,\"name\":\"Noticias\"}]},{\"@type\":\"WebSite\",\"@id\":\"https:\/\/grupoale.com\/zoomlion\/#website\",\"url\":\"https:\/\/grupoale.com\/zoomlion\/\",\"name\":\"ALE Group - Distribuidor Zoomlion Maquinaria de Elevaci\u00f3n\",\"description\":\"ALE Group\",\"publisher\":{\"@id\":\"https:\/\/grupoale.com\/zoomlion\/#organization\"},\"potentialAction\":[{\"@type\":\"SearchAction\",\"target\":{\"@type\":\"EntryPoint\",\"urlTemplate\":\"https:\/\/grupoale.com\/zoomlion\/?s={search_term_string}\"},\"query-input\":{\"@type\":\"PropertyValueSpecification\",\"valueRequired\":true,\"valueName\":\"search_term_string\"}}],\"inLanguage\":\"es\"},{\"@type\":\"Organization\",\"@id\":\"https:\/\/grupoale.com\/zoomlion\/#organization\",\"name\":\"ALE Group - Distribuidor Zoomlion Maquinaria de Elevaci\u00f3n\",\"alternateName\":\"ALE Group\",\"url\":\"https:\/\/grupoale.com\/zoomlion\/\",\"logo\":{\"@type\":\"ImageObject\",\"inLanguage\":\"es\",\"@id\":\"https:\/\/grupoale.com\/zoomlion\/#\/schema\/logo\/image\/\",\"url\":\"https:\/\/grupoale.com\/zoomlion\/wp-content\/uploads\/ale-group-logotipo.png\",\"contentUrl\":\"https:\/\/grupoale.com\/zoomlion\/wp-content\/uploads\/ale-group-logotipo.png\",\"width\":1200,\"height\":532,\"caption\":\"ALE Group - Distribuidor Zoomlion Maquinaria de Elevaci\u00f3n\"},\"image\":{\"@id\":\"https:\/\/grupoale.com\/zoomlion\/#\/schema\/logo\/image\/\"},\"sameAs\":[\"https:\/\/www.facebook.com\/AccessLiftEquipment.Group\",\"https:\/\/www.instagram.com\/AccessLiftEquipment.Group\",\"https:\/\/www.linkedin.com\/company\/accessliftequipment-group\"]}]}<\/script>\n<!-- \/ Yoast SEO plugin. -->","yoast_head_json":{"title":"Noticias - ALE Group - Distribuidor Zoomlion Maquinaria de Elevaci\u00f3n","description":"Descubre las \u00faltimas noticias de ALE Group, distribuidor Maquinaria de elevaci\u00f3n Zoomlion en Espa\u00f1a y Portugal.","robots":{"index":"index","follow":"follow","max-snippet":"max-snippet:-1","max-image-preview":"max-image-preview:large","max-video-preview":"max-video-preview:-1"},"canonical":"https:\/\/grupoale.com\/zoomlion\/actualidad\/noticias\/","og_locale":"es_ES","og_type":"article","og_title":"Noticias - ALE Group - Distribuidor Zoomlion Maquinaria de Elevaci\u00f3n","og_description":"Descubre las \u00faltimas noticias de ALE Group, distribuidor Maquinaria de elevaci\u00f3n Zoomlion en Espa\u00f1a y Portugal.","og_url":"https:\/\/grupoale.com\/zoomlion\/actualidad\/noticias\/","og_site_name":"ALE Group - Distribuidor Zoomlion Maquinaria de Elevaci\u00f3n","article_publisher":"https:\/\/www.facebook.com\/AccessLiftEquipment.Group","article_modified_time":"2024-11-25T12:01:33+00:00","og_image":[{"width":2001,"height":1377,"url":"https:\/\/grupoale.com\/zoomlion\/wp-content\/uploads\/maquinaria-de-elevacion-ale-group.jpg","type":"image\/jpeg"}],"twitter_card":"summary_large_image","twitter_misc":{"Tiempo de lectura":"1 minuto"},"schema":{"@context":"https:\/\/schema.org","@graph":[{"@type":"WebPage","@id":"https:\/\/grupoale.com\/zoomlion\/actualidad\/noticias\/","url":"https:\/\/grupoale.com\/zoomlion\/actualidad\/noticias\/","name":"Noticias - ALE Group - Distribuidor Zoomlion Maquinaria de Elevaci\u00f3n","isPartOf":{"@id":"https:\/\/grupoale.com\/zoomlion\/#website"},"primaryImageOfPage":{"@id":"https:\/\/grupoale.com\/zoomlion\/actualidad\/noticias\/#primaryimage"},"image":{"@id":"https:\/\/grupoale.com\/zoomlion\/actualidad\/noticias\/#primaryimage"},"thumbnailUrl":"https:\/\/grupoale.com\/zoomlion\/wp-content\/uploads\/maquinaria-de-elevacion-ale-group.jpg","datePublished":"2024-11-25T08:39:03+00:00","dateModified":"2024-11-25T12:01:33+00:00","description":"Descubre las \u00faltimas noticias de ALE Group, distribuidor Maquinaria de elevaci\u00f3n Zoomlion en Espa\u00f1a y Portugal.","breadcrumb":{"@id":"https:\/\/grupoale.com\/zoomlion\/actualidad\/noticias\/#breadcrumb"},"inLanguage":"es","potentialAction":[{"@type":"ReadAction","target":["https:\/\/grupoale.com\/zoomlion\/actualidad\/noticias\/"]}]},{"@type":"ImageObject","inLanguage":"es","@id":"https:\/\/grupoale.com\/zoomlion\/actualidad\/noticias\/#primaryimage","url":"https:\/\/grupoale.com\/zoomlion\/wp-content\/uploads\/maquinaria-de-elevacion-ale-group.jpg","contentUrl":"https:\/\/grupoale.com\/zoomlion\/wp-content\/uploads\/maquinaria-de-elevacion-ale-group.jpg","width":2001,"height":1377,"caption":"Maquinaria de elevaci\u00f3n ALE Group - Distribuidor Zoomlion en Espa\u00f1a y Portugal"},{"@type":"BreadcrumbList","@id":"https:\/\/grupoale.com\/zoomlion\/actualidad\/noticias\/#breadcrumb","itemListElement":[{"@type":"ListItem","position":1,"name":"Portada","item":"https:\/\/grupoale.com\/zoomlion\/"},{"@type":"ListItem","position":2,"name":"Actualidad","item":"https:\/\/grupoale.com\/zoomlion\/actualidad\/"},{"@type":"ListItem","position":3,"name":"Noticias"}]},{"@type":"WebSite","@id":"https:\/\/grupoale.com\/zoomlion\/#website","url":"https:\/\/grupoale.com\/zoomlion\/","name":"ALE Group - Distribuidor Zoomlion Maquinaria de Elevaci\u00f3n","description":"ALE Group","publisher":{"@id":"https:\/\/grupoale.com\/zoomlion\/#organization"},"potentialAction":[{"@type":"SearchAction","target":{"@type":"EntryPoint","urlTemplate":"https:\/\/grupoale.com\/zoomlion\/?s={search_term_string}"},"query-input":{"@type":"PropertyValueSpecification","valueRequired":true,"valueName":"search_term_string"}}],"inLanguage":"es"},{"@type":"Organization","@id":"https:\/\/grupoale.com\/zoomlion\/#organization","name":"ALE Group - Distribuidor Zoomlion Maquinaria de Elevaci\u00f3n","alternateName":"ALE Group","url":"https:\/\/grupoale.com\/zoomlion\/","logo":{"@type":"ImageObject","inLanguage":"es","@id":"https:\/\/grupoale.com\/zoomlion\/#\/schema\/logo\/image\/","url":"https:\/\/grupoale.com\/zoomlion\/wp-content\/uploads\/ale-group-logotipo.png","contentUrl":"https:\/\/grupoale.com\/zoomlion\/wp-content\/uploads\/ale-group-logotipo.png","width":1200,"height":532,"caption":"ALE Group - Distribuidor Zoomlion Maquinaria de Elevaci\u00f3n"},"image":{"@id":"https:\/\/grupoale.com\/zoomlion\/#\/schema\/logo\/image\/"},"sameAs":["https:\/\/www.facebook.com\/AccessLiftEquipment.Group","https:\/\/www.instagram.com\/AccessLiftEquipment.Group","https:\/\/www.linkedin.com\/company\/accessliftequipment-group"]}]}},"_links":{"self":[{"href":"https:\/\/grupoale.com\/zoomlion\/wp-json\/wp\/v2\/pages\/1279","targetHints":{"allow":["GET"]}}],"collection":[{"href":"https:\/\/grupoale.com\/zoomlion\/wp-json\/wp\/v2\/pages"}],"about":[{"href":"https:\/\/grupoale.com\/zoomlion\/wp-json\/wp\/v2\/types\/page"}],"author":[{"embeddable":true,"href":"https:\/\/grupoale.com\/zoomlion\/wp-json\/wp\/v2\/users\/2"}],"replies":[{"embeddable":true,"href":"https:\/\/grupoale.com\/zoomlion\/wp-json\/wp\/v2\/comments?post=1279"}],"version-history":[{"count":10,"href":"https:\/\/grupoale.com\/zoomlion\/wp-json\/wp\/v2\/pages\/1279\/revisions"}],"predecessor-version":[{"id":1292,"href":"https:\/\/grupoale.com\/zoomlion\/wp-json\/wp\/v2\/pages\/1279\/revisions\/1292"}],"up":[{"embeddable":true,"href":"https:\/\/grupoale.com\/zoomlion\/wp-json\/wp\/v2\/pages\/281"}],"wp:featuredmedia":[{"embeddable":true,"href":"https:\/\/grupoale.com\/zoomlion\/wp-json\/wp\/v2\/media\/79"}],"wp:attachment":[{"href":"https:\/\/grupoale.com\/zoomlion\/wp-json\/wp\/v2\/media?parent=1279"}],"curies":[{"name":"wp","href":"https:\/\/api.w.org\/{rel}","templated":true}]}}